{"id":101,"date":"2025-12-10T23:18:33","date_gmt":"2025-12-10T23:18:33","guid":{"rendered":"https:\/\/www.corridadenoel-mainvilliers.fr\/?page_id=101"},"modified":"2025-12-11T22:11:27","modified_gmt":"2025-12-11T22:11:27","slug":"recompenses","status":"publish","type":"page","link":"https:\/\/www.corridadenoel-mainvilliers.fr\/?page_id=101","title":{"rendered":"R\u00e9compenses"},"content":{"rendered":"\n<p><strong>Mini-corrida<\/strong> <br>m\u00e9dailles \u00e0 tous les arrivants ; livres pour la premi\u00e8re \u00e9cole ; podiums pour les 3 premiers et premi\u00e8res, dans chaque cat\u00e9gorie (Eveils Athl\u00e9, Poussins). Coupes, m\u00e9dailles et lots.<br><\/p>\n\n\n\n<p><strong>Corrida des jeunes<\/strong><br>podiums pour les 3 premiers et premi\u00e8res, dans chaque cat\u00e9gorie. Coupes, m\u00e9dailles et lots.<\/p>\n\n\n\n<p><br><strong>Corrida<\/strong> (8 km)<br>Primes pour les 3 1ers au scratch, H &amp; F : 150 euros pour les premiers, 100 euros pour les seconds, 50 euros pour les troisi\u00e8mes. Non cumulables avec les cat\u00e9gories. <br>R\u00e9compenses pour les 1er H &amp; F des cat\u00e9gories cadets, juniors, espoirs, Master A (M0 et M1), Master B (M2 et M3), Master C (M4 et M5), Master D (M6 et au-del\u00e0). Lots<\/p>\n\n\n\n<figure class=\"wp-block-image aligncenter size-large is-resized\"><img loading=\"lazy\" decoding=\"async\" width=\"724\" height=\"1024\" src=\"http:\/\/www.corridadenoel-mainvilliers.fr\/wp-content\/uploads\/2025\/12\/Affiche-corrida-de-noel-2025-RVB-724x1024.jpg\" alt=\"\" class=\"wp-image-49\" style=\"width:368px;height:auto\" srcset=\"https:\/\/www.corridadenoel-mainvilliers.fr\/wp-content\/uploads\/2025\/12\/Affiche-corrida-de-noel-2025-RVB-724x1024.jpg 724w, https:\/\/www.corridadenoel-mainvilliers.fr\/wp-content\/uploads\/2025\/12\/Affiche-corrida-de-noel-2025-RVB-212x300.jpg 212w, https:\/\/www.corridadenoel-mainvilliers.fr\/wp-content\/uploads\/2025\/12\/Affiche-corrida-de-noel-2025-RVB-768x1086.jpg 768w, https:\/\/www.corridadenoel-mainvilliers.fr\/wp-content\/uploads\/2025\/12\/Affiche-corrida-de-noel-2025-RVB-1086x1536.jpg 1086w, https:\/\/www.corridadenoel-mainvilliers.fr\/wp-content\/uploads\/2025\/12\/Affiche-corrida-de-noel-2025-RVB-1448x2048.jpg 1448w, https:\/\/www.corridadenoel-mainvilliers.fr\/wp-content\/uploads\/2025\/12\/Affiche-corrida-de-noel-2025-RVB-scaled.jpg 1810w\" sizes=\"auto, (max-width: 724px) 100vw, 724px\" \/><\/figure>\n","protected":false},"excerpt":{"rendered":"<p>Mini-corrida m\u00e9dailles \u00e0 tous les arrivants ; livres pour la premi\u00e8re \u00e9cole ; podiums pour les 3 premiers et premi\u00e8res, dans chaque cat\u00e9gorie (Eveils Athl\u00e9, Poussins). Coupes, m\u00e9dailles et lots. Corrida des jeunespodiums pour les 3 premiers et premi\u00e8res, dans chaque cat\u00e9gorie. Coupes, m\u00e9dailles et lots. Corrida (8 km)Primes pour les 3 1ers au scratch, [&hellip;]<\/p>\n","protected":false},"author":1,"featured_media":0,"parent":0,"menu_order":0,"comment_status":"closed","ping_status":"closed","template":"","meta":{"footnotes":""},"class_list":["post-101","page","type-page","status-publish","hentry"],"_links":{"self":[{"href":"https:\/\/www.corridadenoel-mainvilliers.fr\/index.php?rest_route=\/wp\/v2\/pages\/101","targetHints":{"allow":["GET"]}}],"collection":[{"href":"https:\/\/www.corridadenoel-mainvilliers.fr\/index.php?rest_route=\/wp\/v2\/pages"}],"about":[{"href":"https:\/\/www.corridadenoel-mainvilliers.fr\/index.php?rest_route=\/wp\/v2\/types\/page"}],"author":[{"embeddable":true,"href":"https:\/\/www.corridadenoel-mainvilliers.fr\/index.php?rest_route=\/wp\/v2\/users\/1"}],"replies":[{"embeddable":true,"href":"https:\/\/www.corridadenoel-mainvilliers.fr\/index.php?rest_route=%2Fwp%2Fv2%2Fcomments&post=101"}],"version-history":[{"count":3,"href":"https:\/\/www.corridadenoel-mainvilliers.fr\/index.php?rest_route=\/wp\/v2\/pages\/101\/revisions"}],"predecessor-version":[{"id":113,"href":"https:\/\/www.corridadenoel-mainvilliers.fr\/index.php?rest_route=\/wp\/v2\/pages\/101\/revisions\/113"}],"wp:attachment":[{"href":"https:\/\/www.corridadenoel-mainvilliers.fr\/index.php?rest_route=%2Fwp%2Fv2%2Fmedia&parent=101"}],"curies":[{"name":"wp","href":"https:\/\/api.w.org\/{rel}","templated":true}]}}