{"id":76,"date":"2025-12-10T22:01:35","date_gmt":"2025-12-10T22:01:35","guid":{"rendered":"https:\/\/www.corridadenoel-mainvilliers.fr\/?page_id=76"},"modified":"2025-12-10T22:01:35","modified_gmt":"2025-12-10T22:01:35","slug":"horaires","status":"publish","type":"page","link":"https:\/\/www.corridadenoel-mainvilliers.fr\/?page_id=76","title":{"rendered":"Horaires"},"content":{"rendered":"\n<figure class=\"wp-block-table is-style-stripes\"><table class=\"has-fixed-layout\"><tbody><tr><td>18h15<\/td><td>Marche de No\u00ebl (d\u00e9ambulation)<\/td><td><\/td><\/tr><tr><td>18h45<\/td><td>Mini-corrida (CE1-CM2 ; Eveils Athl\u00e9, Poussins)<\/td><td>1,6 km<\/td><\/tr><tr><td>19h00<\/td><td>Corrida des jeunes (coll\u00e8ge ; benjamins, minimes)<\/td><td>2,7 km (une boucle)<\/td><\/tr><tr><td>19h30<\/td><td>Corrida de No\u00ebl<\/td><td>8 km (3 boucles)<\/td><\/tr><\/tbody><\/table><\/figure>\n\n\n\n<p>Tous les d\u00e9parts seront donn\u00e9s rue de la R\u00e9publique ; et les arriv\u00e9es rue Victor-Hugo, devant la Mairie.<\/p>\n\n\n\n<figure class=\"wp-block-image aligncenter size-large\"><img loading=\"lazy\" decoding=\"async\" width=\"724\" height=\"1024\" src=\"http:\/\/www.corridadenoel-mainvilliers.fr\/wp-content\/uploads\/2025\/12\/Affiche-corrida-de-noel-2025-RVB-724x1024.jpg\" alt=\"\" class=\"wp-image-49\" srcset=\"https:\/\/www.corridadenoel-mainvilliers.fr\/wp-content\/uploads\/2025\/12\/Affiche-corrida-de-noel-2025-RVB-724x1024.jpg 724w, https:\/\/www.corridadenoel-mainvilliers.fr\/wp-content\/uploads\/2025\/12\/Affiche-corrida-de-noel-2025-RVB-212x300.jpg 212w, https:\/\/www.corridadenoel-mainvilliers.fr\/wp-content\/uploads\/2025\/12\/Affiche-corrida-de-noel-2025-RVB-768x1086.jpg 768w, https:\/\/www.corridadenoel-mainvilliers.fr\/wp-content\/uploads\/2025\/12\/Affiche-corrida-de-noel-2025-RVB-1086x1536.jpg 1086w, https:\/\/www.corridadenoel-mainvilliers.fr\/wp-content\/uploads\/2025\/12\/Affiche-corrida-de-noel-2025-RVB-1448x2048.jpg 1448w, https:\/\/www.corridadenoel-mainvilliers.fr\/wp-content\/uploads\/2025\/12\/Affiche-corrida-de-noel-2025-RVB-scaled.jpg 1810w\" sizes=\"auto, (max-width: 724px) 100vw, 724px\" \/><\/figure>\n","protected":false},"excerpt":{"rendered":"<p>18h15 Marche de No\u00ebl (d\u00e9ambulation) 18h45 Mini-corrida (CE1-CM2 ; Eveils Athl\u00e9, Poussins) 1,6 km 19h00 Corrida des jeunes (coll\u00e8ge ; benjamins, minimes) 2,7 km (une boucle) 19h30 Corrida de No\u00ebl 8 km (3 boucles) Tous les d\u00e9parts seront donn\u00e9s rue de la R\u00e9publique ; et les arriv\u00e9es rue Victor-Hugo, devant la Mairie.<\/p>\n","protected":false},"author":1,"featured_media":0,"parent":0,"menu_order":0,"comment_status":"closed","ping_status":"closed","template":"","meta":{"footnotes":""},"class_list":["post-76","page","type-page","status-publish","hentry"],"_links":{"self":[{"href":"https:\/\/www.corridadenoel-mainvilliers.fr\/index.php?rest_route=\/wp\/v2\/pages\/76","targetHints":{"allow":["GET"]}}],"collection":[{"href":"https:\/\/www.corridadenoel-mainvilliers.fr\/index.php?rest_route=\/wp\/v2\/pages"}],"about":[{"href":"https:\/\/www.corridadenoel-mainvilliers.fr\/index.php?rest_route=\/wp\/v2\/types\/page"}],"author":[{"embeddable":true,"href":"https:\/\/www.corridadenoel-mainvilliers.fr\/index.php?rest_route=\/wp\/v2\/users\/1"}],"replies":[{"embeddable":true,"href":"https:\/\/www.corridadenoel-mainvilliers.fr\/index.php?rest_route=%2Fwp%2Fv2%2Fcomments&post=76"}],"version-history":[{"count":1,"href":"https:\/\/www.corridadenoel-mainvilliers.fr\/index.php?rest_route=\/wp\/v2\/pages\/76\/revisions"}],"predecessor-version":[{"id":77,"href":"https:\/\/www.corridadenoel-mainvilliers.fr\/index.php?rest_route=\/wp\/v2\/pages\/76\/revisions\/77"}],"wp:attachment":[{"href":"https:\/\/www.corridadenoel-mainvilliers.fr\/index.php?rest_route=%2Fwp%2Fv2%2Fmedia&parent=76"}],"curies":[{"name":"wp","href":"https:\/\/api.w.org\/{rel}","templated":true}]}}