{"id":90,"date":"2025-12-10T22:42:50","date_gmt":"2025-12-10T22:42:50","guid":{"rendered":"https:\/\/www.corridadenoel-mainvilliers.fr\/?page_id=90"},"modified":"2025-12-10T22:42:50","modified_gmt":"2025-12-10T22:42:50","slug":"reglement","status":"publish","type":"page","link":"https:\/\/www.corridadenoel-mainvilliers.fr\/?page_id=90","title":{"rendered":"R\u00e8glement de la Corrida de Mainvilliers 2025"},"content":{"rendered":"\n<ol start=\"1\" class=\"wp-block-list\">\n<li>La <strong>Corrida de No\u00ebl de Mainvilliers <\/strong>est une course populaire se d\u00e9roulant dans les rues de Mainvilliers le samedi 20 d\u00e9cembre 2025 au soir<strong>.<\/strong> Elle est r\u00e9gie par le pr\u00e9sent document. Elle comprend quatre courses\u00a0: la Marche de No\u00ebl, la Mini Corrida, la Corrida des jeunes et la Corrida. Elle fait l\u2019objet d\u2019une <strong>convention solidaire avec le T\u00e9l\u00e9thon<\/strong>, avec reversement d\u2019une part de l\u2019inscription \u00e0 l\u2019association pour la recherche contre les maladies g\u00e9n\u00e9tiques.<\/li>\n\n\n\n<li>La Corrida de No\u00ebl est organis\u00e9e par l<strong>\u2019ACLAM <\/strong>(Athl\u00e9 Chartres Luc\u00e9 Asptt Mainvilliers), club FFA dont le si\u00e8ge est situ\u00e9 4, rue Jean-Perrin \u00e0 Mainvilliers (28300). Contact : aclam@orange.fr ; 02.37.21.50.58. Site web : aclam.athle.com. Site de l\u2019\u00e9preuve : www.corridadenoel-mainvilliers.fr.<\/li>\n\n\n\n<li><strong>Les d\u00e9parts et arriv\u00e9es de la Corrida de No\u00ebl <\/strong>sont donn\u00e9s \u00e0 Mainvilliers, aupr\u00e8s de \u00a0l\u2019H\u00f4tel de Ville\u00a0: 18h15 pour la Marche de No\u00ebl (2,7 km)\u00a0; 18h45 pour la Mini Corrida (1,3 km)\u00a0; 19h00 pour la Corrida des jeunes (2,7 km, 1 tour)\u00a0; 19h30 pour la Corrida (8 km, trois tours).<\/li>\n\n\n\n<li>La <strong>Marche de No\u00ebl<\/strong> est ouverte \u00e0 tous\u00a0; la <strong>Mini Corrida<\/strong> est ouverte \u00e0 tous les enfants licenci\u00e9s ou non licenci\u00e9s n\u00e9s entre 2015 et 2019\u00a0; la <strong>Corrida des jeunes<\/strong> est ouverte \u00e0 tous les jeunes licenci\u00e9s ou non-licenci\u00e9s n\u00e9s entre 2011 et 2014 (benjamins\/minimes)\u00a0; la<strong> Corrida<\/strong> est ouverte aux licenci\u00e9s et non licenci\u00e9s n\u00e9s avant 2011, appartenant aux cat\u00e9gories cadettes\/cadets ou sup\u00e9rieures.<\/li>\n\n\n\n<li><strong>Le tarif d\u2019inscription \u00e0 la Corrida<\/strong> est de 9 euros et de 7 euros pour les licenci\u00e9s FFA. Les autres courses (Marche de No\u00ebl, Mini-corrida, Corrida des jeunes) sont gratuites. 1 euro sera revers\u00e9 au T\u00e9l\u00e9thon.<\/li>\n\n\n\n<li>Les <strong>inscriptions <\/strong>peuvent \u00eatre faites par courrier \u00e0 l\u2019adresse postale de l\u2019ACLAM (4, rue Jean-Perrin \u2013 28300 Mainvilliers) ou par Internet, via le site <strong>Protiming<\/strong>. Des inscriptions sur place le jour de la course seront possible, dans la <strong>cour de l\u2019Ecole \u00c9mile-Zola<\/strong> (rue du 19-mars-1962 \u2013 28300 Mainvilliers).<\/li>\n\n\n\n<li>Les <strong>dossards <\/strong>sont \u00e0 retirer le jour de la course \u00e0 partir de 17h00 sur le site (\u00c9cole \u00c9mile-Zola \u2013 rue du 19-mars-1962 \u2013 28300 Mainvilliers). Majoration de 1 euro pour les inscriptions sur place pour la course payante.<\/li>\n\n\n\n<li>La pr\u00e9sentation de la <strong>licence<\/strong> en cours de validit\u00e9 pour les licenci\u00e9s est obligatoire. La pr\u00e9sentation d\u2019un certificat m\u00e9dical de non contre-indication de la pratique de la course \u00e0 pied en comp\u00e9tition, datant de moins d\u2019un an, ou un <strong>certificat PPS<\/strong> (Parcours de pr\u00e9vention sant\u00e9, sur <strong>pps.athle.fr<\/strong>) \u00e0 jour sont obligatoires pour les coureurs non licenci\u00e9s, compl\u00e9t\u00e9s d\u2019une autorisation parentale pour les coureurs mineurs non licenci\u00e9s.<\/li>\n\n\n\n<li><strong>La cl\u00f4ture des inscriptions par correspondance ou sur Protiming est fix\u00e9e \u00e0 la date du 18 d\u00e9cembre 2025 \u00e0 13h00.<\/strong><\/li>\n<\/ol>\n\n\n\n<ol start=\"10\" class=\"wp-block-list\">\n<li>Les organisateurs sont couverts par une police d\u2019<strong>assurance <\/strong>Responsabilit\u00e9 civile souscrite aupr\u00e8s de la AIAC. Les licenci\u00e9s b\u00e9n\u00e9ficient des garanties accord\u00e9es par l\u2019Assurance li\u00e9e \u00e0 leur licence. Il incombe aux autres participants, non licenci\u00e9s, de s\u2019assurer personnellement.<\/li>\n\n\n\n<li>La <strong>s\u00e9curit\u00e9 <\/strong>sur le site et le parcours est assur\u00e9e par les signaleurs et commissaires de course.<\/li>\n\n\n\n<li>Un <strong>ravitaillement <\/strong>liquide et solide est propos\u00e9 \u00e0 l\u2019arriv\u00e9e.<\/li>\n\n\n\n<li>Par leur participation, les concurrents autorisent l\u2019ACLAM \u00e0 utiliser les <strong>photographies <\/strong>prises durant la manifestation \u00e0 des fins de promotion de cet \u00e9v\u00e9nement sportif.<\/li>\n\n\n\n<li>Des <strong>r\u00e9compenses<\/strong> sont remises aux meilleur(e)s class\u00e9(e)s de la Mini Corrida, de la Corrida des Jeunes et de la Corrida (voir rubrique R\u00e9compenses sur le site web de la comp\u00e9tition), en respectant une \u00e9galit\u00e9 de traitement entre hommes et femmes. Une m\u00e9daille sera offerte \u00e0 tous les concurrents de la<strong> Mini Corrida<\/strong>.<\/li>\n\n\n\n<li><strong>La Corrida de No\u00ebl de Mainvilliers<\/strong> est engag\u00e9e dans une politique de<strong> respect de l\u2019environnement <\/strong>: chaque inscrit s\u2019engage donc \u00e0 respecter le site et son environnement, notamment pour la gestion de ses d\u00e9chets (poubelles, vestiaires et toilettes mis \u00e0 disposition). Tout abandon de mat\u00e9riel, tout jet de d\u00e9chet, hors des lieux pr\u00e9vus \u00e0 cet effet entra\u00eenera Ia mise hors-course du concurrent fautif.<\/li>\n\n\n\n<li><strong>Tout engagement est personnel<\/strong>. Aucun transfert d\u2019inscription n\u2019est autoris\u00e9 pour quelque motif que ce soit. Toute personne r\u00e9troc\u00e9dant son dossard \u00e0 une tierce personne, sera reconnue responsable en cas d\u2019accident survenu ou provoqu\u00e9 par cette derni\u00e8re durant l\u2019\u00e9preuve. Toute personne disposant d\u2019un dossard acquis en infraction avec le pr\u00e9sent r\u00e8glement pourra \u00eatre disqualifi\u00e9e. Le dossard devra \u00eatre enti\u00e8rement lisible lors de la course. L\u2019organisation d\u00e9cline toute responsabilit\u00e9 en cas d\u2019accident face \u00e0 ce type de situation.<\/li>\n\n\n\n<li><strong>En cas de force majeure<\/strong>, l\u2019organisateur pourra \u00e0 tout instant mettre fin \u00e0 la manifestation. Les participants en seront pr\u00e9venus par tous moyens possibles, ils devront alors se conformer strictement aux directives de l\u2019organisation. Le non-respect de ces consignes, entra\u00eenera de-facto, la fin de la responsabilit\u00e9 de l\u2019organisateur. Le participant ne pourra pr\u00e9tendre \u00e0 aucun remboursement, ni aucune indemnit\u00e9 \u00e0 ce titre.<\/li>\n\n\n\n<li>L\u2019organisateur se r\u00e9serve Ia <strong>facult\u00e9 d\u2019annuler<\/strong> Ia manifestation soit sur requ\u00eate de l\u2019autorit\u00e9 administrative, soit en cas de force majeure (pand\u00e9mie, catastrophes naturelles, inondation, etc.). Aucune indemnit\u00e9 ne pourra \u00eatre vers\u00e9e \u00e0 ce titre. Les participants seront rembours\u00e9s du montant de l\u2019inscription ou se verront proposer une inscription pour la m\u00eame \u00e9preuve lors de la saison suivante ; ils ne pourront pr\u00e9tendre \u00e0 aucune autre indemnit\u00e9 \u00e0 ce titre.<\/li>\n\n\n\n<li><strong>Le concurrent accepte sans r\u00e9serve le pr\u00e9sent r\u00e8glement<\/strong>.<\/li>\n<\/ol>\n\n\n\n<p>Mainvilliers, le 19 octobre 2025<\/p>\n","protected":false},"excerpt":{"rendered":"<p>Mainvilliers, le 19 octobre 2025<\/p>\n","protected":false},"author":1,"featured_media":0,"parent":0,"menu_order":0,"comment_status":"closed","ping_status":"closed","template":"","meta":{"footnotes":""},"class_list":["post-90","page","type-page","status-publish","hentry"],"_links":{"self":[{"href":"https:\/\/www.corridadenoel-mainvilliers.fr\/index.php?rest_route=\/wp\/v2\/pages\/90","targetHints":{"allow":["GET"]}}],"collection":[{"href":"https:\/\/www.corridadenoel-mainvilliers.fr\/index.php?rest_route=\/wp\/v2\/pages"}],"about":[{"href":"https:\/\/www.corridadenoel-mainvilliers.fr\/index.php?rest_route=\/wp\/v2\/types\/page"}],"author":[{"embeddable":true,"href":"https:\/\/www.corridadenoel-mainvilliers.fr\/index.php?rest_route=\/wp\/v2\/users\/1"}],"replies":[{"embeddable":true,"href":"https:\/\/www.corridadenoel-mainvilliers.fr\/index.php?rest_route=%2Fwp%2Fv2%2Fcomments&post=90"}],"version-history":[{"count":1,"href":"https:\/\/www.corridadenoel-mainvilliers.fr\/index.php?rest_route=\/wp\/v2\/pages\/90\/revisions"}],"predecessor-version":[{"id":91,"href":"https:\/\/www.corridadenoel-mainvilliers.fr\/index.php?rest_route=\/wp\/v2\/pages\/90\/revisions\/91"}],"wp:attachment":[{"href":"https:\/\/www.corridadenoel-mainvilliers.fr\/index.php?rest_route=%2Fwp%2Fv2%2Fmedia&parent=90"}],"curies":[{"name":"wp","href":"https:\/\/api.w.org\/{rel}","templated":true}]}}